{"id":105,"date":"2026-01-05T18:27:45","date_gmt":"2026-01-06T00:27:45","guid":{"rendered":"https:\/\/paginaejemplo.directorio-comercial.com\/?page_id=8"},"modified":"2026-04-07T19:33:38","modified_gmt":"2026-04-08T01:33:38","slug":"inicio","status":"publish","type":"page","link":"https:\/\/wrapingcar.directorio-comercial.com\/","title":{"rendered":"Inicio"},"content":{"rendered":"\n<div class=\"wp-block-group alignfull is-content-justification-center is-nowrap is-layout-flex wp-container-core-group-is-layout-9817af40 wp-block-group-is-layout-flex\" style=\"padding-right:0;padding-left:0\">\n<figure class=\"wp-block-image size-full\"><img loading=\"lazy\" decoding=\"async\" width=\"512\" height=\"258\" src=\"https:\/\/wrapingcar.directorio-comercial.com\/wp-content\/uploads\/2026\/04\/LOGO-PAGINA-WRAPING-CAR.jpg\" alt=\"\" class=\"wp-image-281\" srcset=\"https:\/\/wrapingcar.directorio-comercial.com\/wp-content\/uploads\/2026\/04\/LOGO-PAGINA-WRAPING-CAR.jpg 512w, https:\/\/wrapingcar.directorio-comercial.com\/wp-content\/uploads\/2026\/04\/LOGO-PAGINA-WRAPING-CAR-300x151.jpg 300w\" sizes=\"auto, (max-width: 512px) 100vw, 512px\" \/><\/figure>\n<\/div>\n\n\n\n<div class=\"wp-block-group has-global-padding is-layout-constrained wp-block-group-is-layout-constrained\">\n<h2 class=\"gb-text gb-text-9e8a02a2\">Con\u00f3cenos<\/h2>\n\n\n\n<p class=\"gb-text gb-text-e36374c7\">Somos un centro especializado en detallado automotriz profesional, enfocado en brindar soluciones de alto nivel para el cuidado, protecci\u00f3n y est\u00e9tica de tu veh\u00edculo. Nos apasiona transformar cada auto como si fuera propio, utilizando t\u00e9cnicas avanzadas, productos de calidad premium y atenci\u00f3n al m\u00e1s m\u00ednimo detalle.<br><br>Ofrecemos servicios como pulido y correcci\u00f3n de pintura, aplicaci\u00f3n de ceras y selladores, recubrimientos cer\u00e1micos, instalaci\u00f3n de PPF (Paint Protection Film), wraps completos y parciales, as\u00ed como limpieza interior profunda y restauraci\u00f3n de acabados. Nuestro objetivo es proteger la inversi\u00f3n de nuestros clientes y mantener sus veh\u00edculos en condiciones impecables, tanto en apariencia como en valor.<\/p>\n<\/div>\n\n\n\n\n\n<figure class=\"wp-block-video\"><\/figure>\n\n\n\n<!--nextpage-->\n\n\n\n<div class=\"wp-block-group has-global-padding is-layout-constrained wp-block-group-is-layout-constrained\" style=\"padding-top:var(--wp--preset--spacing--20)\">\n<div class=\"wp-block-group has-global-padding is-layout-constrained wp-block-group-is-layout-constrained\">\n<h2 class=\"gb-text gb-text-72768a99\">Misi\u00f3n<\/h2>\n\n\n\n<p class=\"gb-text gb-text-15f87916\">\u00a0Brindar servicios de personalizaci\u00f3n y protecci\u00f3n automotriz de la m\u00e1s alta calidad, utilizando materiales premium y t\u00e9cnicas especializadas en wrapping, PPF y detallado, con el objetivo de realzar la est\u00e9tica, preservar el valor y superar las expectativas de cada cliente a trav\u00e9s de un servicio profesional, confiable y detallista.<\/p>\n<\/div>\n\n\n\n<hr class=\"wp-block-separator has-alpha-channel-opacity\"\/>\n\n\n\n<div class=\"wp-block-group has-global-padding is-layout-constrained wp-block-group-is-layout-constrained\">\n<h2 class=\"gb-text gb-text-2603958f\">Visi\u00f3n<\/h2>\n\n\n\n<p class=\"gb-text gb-text-bbf5f7a5\">Ser un referente l\u00edder en el sector de wrapping y protecci\u00f3n automotriz a nivel regional y nacional, reconocido por la excelencia en acabados, innovaci\u00f3n constante y una experiencia al cliente superior que genere confianza, lealtad y recomendaci\u00f3n.\u00a0<\/p>\n<\/div>\n\n\n\n<hr class=\"wp-block-separator has-alpha-channel-opacity\"\/>\n\n\n\n<div class=\"wp-block-group has-global-padding is-layout-constrained wp-block-group-is-layout-constrained\">\n<h2 class=\"gb-text gb-text-66b3e1d5\">Objetivo<\/h2>\n\n\n\n<p class=\"gb-text gb-text-e7adeb85\">\u2022 Posicionar el negocio como una marca premium en servicios de personalizaci\u00f3n y protecci\u00f3n automotriz. <\/p>\n\n\n\n<p class=\"has-text-align-center has-base-2-color has-text-color has-link-color wp-elements-0b8bb70b8f692fa83f69eb50f7a1bebe\">\u2022 Ofrecer servicios especializados como wrapping completo, PPF, polarizado y detallado profesional. <\/p>\n\n\n\n<p class=\"has-text-align-center has-base-2-color has-text-color has-link-color wp-elements-44ecc8ae86541c490686fbbee6b1837c\">\u2022 Utilizar materiales de las mejores marcas del mercado.<\/p>\n\n\n\n<p class=\"has-text-align-center has-base-2-color has-text-color has-link-color wp-elements-66973bd9bb7e47aa5f332d455d8e0954\"> \u2022 Capacitar constantemente al equipo en nuevas t\u00e9cnicas.<\/p>\n\n\n\n<p class=\"has-text-align-center has-base-2-color has-text-color has-link-color wp-elements-0091a78dade43f5f220574d3a207eb6e\"> \u2022 Brindar atenci\u00f3n personalizada a cada cliente. <\/p>\n\n\n\n<p class=\"has-text-align-center has-base-2-color has-text-color has-link-color wp-elements-aff06532581ad11c5a31061ce4ae794c\">\u2022 Incrementar presencia en redes sociales con contenido visual de alto impacto.<\/p>\n\n\n\n<p class=\"has-text-align-center has-base-2-color has-text-color has-link-color wp-elements-6e64e3f88fbbe910ce2103dd3cee2a11\"> \u2022 Fomentar la fidelizaci\u00f3n mediante garant\u00eda y seguimiento postventa.<\/p>\n<\/div>\n\n\n\n<hr class=\"wp-block-separator has-alpha-channel-opacity\"\/>\n<\/div>\n\n\n\n<div class=\"wp-block-group has-global-padding is-layout-constrained wp-block-group-is-layout-constrained\">\n\n<\/div>\n\n\n\n<div class=\"wp-block-group has-global-padding is-layout-constrained wp-block-group-is-layout-constrained\">\n<h2 class=\"gb-text gb-text-445900bc\">Valores<\/h2>\n\n\n\n<p class=\"gb-text gb-text-4b514107\"><\/p>\n\n\n\n<ul class=\"wp-block-list has-base-2-color has-text-color has-link-color wp-elements-abd3ea44c0f7d688e77eb660488357ca\">\n<li><strong>Alta Precisi\u00f3n y Detalle:<\/strong>\u00a0La instalaci\u00f3n de vinilo requiere habilidad manual meticulosa para evitar burbujas, arrugas o cortes en la pintura original.<\/li>\n\n\n\n<li><strong>Calidad del Material:<\/strong>\u00a0Se valora el uso de vinilos fundidos (<em>cast<\/em>) de alta gama, que permiten un estiramiento adecuado para curvas complejas sin perder color ni propiedades, garantizando durabilidad.<\/li>\n\n\n\n<li><strong>Profesionalismo y Garant\u00eda:<\/strong>\u00a0Se prioriza la preparaci\u00f3n adecuada de la superficie antes de la instalaci\u00f3n para asegurar la adherencia y longevidad del trabajo.<\/li>\n\n\n\n<li><strong>Especializaci\u00f3n:<\/strong>\u00a0El trabajo implica conocer la diferencia entre vinilos calandrados (planos) y fundidos (curvas), seleccionando el material correcto para cada proyecto.\u00a0<\/li>\n<\/ul>\n<\/div>\n\n\n\n<!--nextpage-->\n\n\n\n<div class=\"wp-block-group has-global-padding is-layout-constrained wp-block-group-is-layout-constrained\" style=\"padding-top:var(--wp--preset--spacing--20)\">\n<h2 class=\"gb-text gb-text-5dff42df\">Ven y Con\u00f3cenos<\/h2>\n\n\n\n<div class=\"wp-block-group is-content-justification-center is-nowrap is-layout-flex wp-container-core-group-is-layout-23441af8 wp-block-group-is-layout-flex\">\n<iframe src=\"https:\/\/www.google.com\/maps\/embed?pb=!1m18!1m12!1m3!1d3702.5900981942605!2d-102.30444172547949!3d21.873341158237093!2m3!1f0!2f0!3f0!3m2!1i1024!2i768!4f13.1!3m3!1m2!1s0x8429ee808d04f79f%3A0x66831b834739747b!2sIgnacio%20T.%20Ch%C3%A1vez%20201%20c%2C%20Las%20Flores%2C%2020220%20Aguascalientes%2C%20Ags.!5e0!3m2!1ses-419!2smx!4v1775611840985!5m2!1ses-419!2smx\" width=\"370\" height=\"370\" style=\"border:0;\" allowfullscreen=\"\" loading=\"lazy\" referrerpolicy=\"no-referrer-when-downgrade\"><\/iframe>\n<\/div>\n<\/div>\n\n\n\n<p class=\"gb-text gb-text-b76d5ec2\">Ignacio T. Ch\u00e1vez 201B<\/p>\n","protected":false},"excerpt":{"rendered":"<p>Con\u00f3cenos Somos un centro especializado en detallado automotriz profesional, enfocado en brindar soluciones de alto nivel para el cuidado, protecci\u00f3n y est\u00e9tica de tu veh\u00edculo. Nos apasiona transformar cada auto como si fuera propio, utilizando t\u00e9cnicas avanzadas, productos de calidad premium y atenci\u00f3n al m\u00e1s m\u00ednimo detalle. Ofrecemos servicios como pulido y correcci\u00f3n de pintura, [&hellip;]<\/p>\n","protected":false},"author":1,"featured_media":0,"parent":0,"menu_order":0,"comment_status":"closed","ping_status":"closed","template":"page-no-title","meta":{"_acf_changed":false,"footnotes":""},"class_list":["post-105","page","type-page","status-publish","hentry"],"acf":[],"_links":{"self":[{"href":"https:\/\/wrapingcar.directorio-comercial.com\/index.php?rest_route=\/wp\/v2\/pages\/105","targetHints":{"allow":["GET"]}}],"collection":[{"href":"https:\/\/wrapingcar.directorio-comercial.com\/index.php?rest_route=\/wp\/v2\/pages"}],"about":[{"href":"https:\/\/wrapingcar.directorio-comercial.com\/index.php?rest_route=\/wp\/v2\/types\/page"}],"author":[{"embeddable":true,"href":"https:\/\/wrapingcar.directorio-comercial.com\/index.php?rest_route=\/wp\/v2\/users\/1"}],"replies":[{"embeddable":true,"href":"https:\/\/wrapingcar.directorio-comercial.com\/index.php?rest_route=%2Fwp%2Fv2%2Fcomments&post=105"}],"version-history":[{"count":3,"href":"https:\/\/wrapingcar.directorio-comercial.com\/index.php?rest_route=\/wp\/v2\/pages\/105\/revisions"}],"predecessor-version":[{"id":284,"href":"https:\/\/wrapingcar.directorio-comercial.com\/index.php?rest_route=\/wp\/v2\/pages\/105\/revisions\/284"}],"wp:attachment":[{"href":"https:\/\/wrapingcar.directorio-comercial.com\/index.php?rest_route=%2Fwp%2Fv2%2Fmedia&parent=105"}],"curies":[{"name":"wp","href":"https:\/\/api.w.org\/{rel}","templated":true}]}}